{"id":6757,"date":"2024-04-07T11:24:49","date_gmt":"2024-04-07T11:24:49","guid":{"rendered":"https:\/\/www.amorette-international.com\/matchmaking\/"},"modified":"2026-01-27T19:29:10","modified_gmt":"2026-01-27T19:29:10","slug":"matchmaking","status":"publish","type":"page","link":"https:\/\/www.amorette-international.com\/fr\/matchmaking\/","title":{"rendered":"Matchmaking"},"content":{"rendered":"<p><div class=\"fusion-fullwidth fullwidth-box fusion-builder-row-1 fusion-flex-container has-pattern-background has-mask-background nonhundred-percent-fullwidth non-hundred-percent-height-scrolling\" style=\"--awb-border-radius-top-left:0px;--awb-border-radius-top-right:0px;--awb-border-radius-bottom-right:0px;--awb-border-radius-bottom-left:0px;--awb-flex-wrap:wrap;\" ><div class=\"fusion-builder-row fusion-row fusion-flex-align-items-flex-start fusion-flex-justify-content-center fusion-flex-content-wrap\" style=\"max-width:1248px;margin-left: calc(-4% \/ 2 );margin-right: calc(-4% \/ 2 );\"><div class=\"fusion-layout-column fusion_builder_column fusion-builder-column-0 fusion_builder_column_4_5 4_5 fusion-flex-column\" style=\"--awb-bg-size:cover;--awb-width-large:80%;--awb-margin-top-large:0px;--awb-spacing-right-large:2.4%;--awb-margin-bottom-large:20px;--awb-spacing-left-large:2.4%;--awb-width-medium:80%;--awb-order-medium:0;--awb-spacing-right-medium:2.4%;--awb-spacing-left-medium:2.4%;--awb-width-small:100%;--awb-order-small:0;--awb-spacing-right-small:1.92%;--awb-spacing-left-small:1.92%;\"><div class=\"fusion-column-wrapper fusion-column-has-shadow fusion-flex-justify-content-flex-start fusion-content-layout-column\"><div class=\"fusion-title title fusion-title-1 fusion-sep-none fusion-title-center fusion-title-text fusion-title-size-one\" style=\"--awb-margin-bottom:50px;--awb-margin-top-small:10px;--awb-margin-right-small:0px;--awb-margin-bottom-small:10px;--awb-margin-left-small:0px;--awb-font-size:var(--awb-typography1-font-size);\"><h1 class=\"fusion-title-heading title-heading-center\" style=\"font-family:var(--awb-typography1-font-family);font-weight:var(--awb-typography1-font-weight);font-style:var(--awb-typography1-font-style);margin:0;letter-spacing:var(--awb-typography1-letter-spacing);text-transform:var(--awb-typography1-text-transform);font-size:1em;line-height:var(--awb-typography1-line-height);\">L\u2019excellence de la mise en relation est notre force<\/h1><\/div><div class=\"fusion-text fusion-text-1\"><p style=\"text-align: center;\"><strong>Amorette International est votre premier choix si vous d\u00e9sirez plus qu&rsquo;un simple rendez-vous. Il doit \u00eatre parfait ! <\/strong><\/p>\n<p style=\"text-align: center;\">Je suis Andrea, la directrice, et votre interlocutrice comp\u00e9tente pour les r\u00e9servations de toutes sortes.<\/p>\n<p style=\"text-align: center;\">Engag\u00e9 et tr\u00e8s motiv\u00e9, je m&rsquo;efforce toujours de trouver le mod\u00e8le le plus adapt\u00e9 \u00e0 votre rendez-vous.<br \/>Il vous suffit de me faire part de vos souhaits et pr\u00e9f\u00e9rences, et je m&rsquo;occupe du reste.<\/p>\n<p style=\"text-align: center;\"><strong>Vous avez des questions ou d\u00e9j\u00e0 votre sc\u00e9nario pr\u00e9f\u00e9r\u00e9 en t\u00eate ?<\/strong><\/p>\n<p style=\"text-align: center;\">Tant mieux, car plus vous me donnez de d\u00e9tails, plus je peux m&rsquo;assurer de r\u00e9pondre pr\u00e9cis\u00e9ment \u00e0 vos attentes.<br \/>Je peux vous assurer que l&rsquo;exp\u00e9rience sera 100 % authentique.<br \/>Si vous ne parvenez pas \u00e0 faire la diff\u00e9rence entre une petite amie et une Amorette GFE, j&rsquo;ai trouv\u00e9 la compagne id\u00e9ale pour vous.<\/p>\n<\/div><\/div><\/div><\/div><\/div><div class=\"fusion-fullwidth fullwidth-box fusion-builder-row-2 fusion-flex-container has-pattern-background has-mask-background nonhundred-percent-fullwidth non-hundred-percent-height-scrolling\" style=\"--awb-border-radius-top-left:0px;--awb-border-radius-top-right:0px;--awb-border-radius-bottom-right:0px;--awb-border-radius-bottom-left:0px;--awb-margin-top:50px;--awb-flex-wrap:wrap;\" ><div class=\"fusion-builder-row fusion-row fusion-flex-align-items-flex-start fusion-flex-content-wrap\" style=\"max-width:1248px;margin-left: calc(-4% \/ 2 );margin-right: calc(-4% \/ 2 );\"><div class=\"fusion-layout-column fusion_builder_column fusion-builder-column-1 fusion_builder_column_1_1 1_1 fusion-flex-column\" style=\"--awb-bg-size:cover;--awb-width-large:100%;--awb-margin-top-large:0px;--awb-spacing-right-large:1.92%;--awb-margin-bottom-large:20px;--awb-spacing-left-large:1.92%;--awb-width-medium:100%;--awb-order-medium:0;--awb-spacing-right-medium:1.92%;--awb-spacing-left-medium:1.92%;--awb-width-small:100%;--awb-order-small:0;--awb-spacing-right-small:1.92%;--awb-spacing-left-small:1.92%;\"><div class=\"fusion-column-wrapper fusion-column-has-shadow fusion-flex-justify-content-flex-start fusion-content-layout-column\"><div class=\"fusion-image-element \" style=\"--awb-caption-title-font-family:var(--h2_typography-font-family);--awb-caption-title-font-weight:var(--h2_typography-font-weight);--awb-caption-title-font-style:var(--h2_typography-font-style);--awb-caption-title-size:var(--h2_typography-font-size);--awb-caption-title-transform:var(--h2_typography-text-transform);--awb-caption-title-line-height:var(--h2_typography-line-height);--awb-caption-title-letter-spacing:var(--h2_typography-letter-spacing);\"><span class=\" fusion-imageframe imageframe-none imageframe-1 hover-type-none\"><img decoding=\"async\" width=\"1200\" height=\"800\" alt=\"amorette international couple on the boat, romantic couple\" title=\"amorette international\" src=\"https:\/\/www.amorette-international.com\/wp-content\/uploads\/2024\/04\/matchmaking.jpg\" class=\"img-responsive wp-image-6758\" srcset=\"https:\/\/www.amorette-international.com\/wp-content\/uploads\/2024\/04\/matchmaking-200x133.jpg 200w, https:\/\/www.amorette-international.com\/wp-content\/uploads\/2024\/04\/matchmaking-400x267.jpg 400w, https:\/\/www.amorette-international.com\/wp-content\/uploads\/2024\/04\/matchmaking-600x400.jpg 600w, https:\/\/www.amorette-international.com\/wp-content\/uploads\/2024\/04\/matchmaking-800x533.jpg 800w, https:\/\/www.amorette-international.com\/wp-content\/uploads\/2024\/04\/matchmaking.jpg 1200w\" sizes=\"(max-width: 640px) 100vw, 1200px\" \/><\/span><\/div><\/div><\/div><\/div><\/div><div class=\"fusion-fullwidth fullwidth-box fusion-builder-row-3 fusion-flex-container has-pattern-background has-mask-background nonhundred-percent-fullwidth non-hundred-percent-height-scrolling\" style=\"--awb-border-radius-top-left:0px;--awb-border-radius-top-right:0px;--awb-border-radius-bottom-right:0px;--awb-border-radius-bottom-left:0px;--awb-margin-top:5%;--awb-flex-wrap:wrap;\" ><div class=\"fusion-builder-row fusion-row fusion-flex-align-items-flex-start fusion-flex-justify-content-center fusion-flex-content-wrap\" style=\"max-width:1248px;margin-left: calc(-4% \/ 2 );margin-right: calc(-4% \/ 2 );\"><div class=\"fusion-layout-column fusion_builder_column fusion-builder-column-2 fusion_builder_column_2_3 2_3 fusion-flex-column\" style=\"--awb-bg-size:cover;--awb-width-large:66.666666666667%;--awb-margin-top-large:0px;--awb-spacing-right-large:2.88%;--awb-margin-bottom-large:20px;--awb-spacing-left-large:2.88%;--awb-width-medium:66.666666666667%;--awb-order-medium:0;--awb-spacing-right-medium:2.88%;--awb-spacing-left-medium:2.88%;--awb-width-small:100%;--awb-order-small:0;--awb-spacing-right-small:1.92%;--awb-spacing-left-small:1.92%;\"><div class=\"fusion-column-wrapper fusion-column-has-shadow fusion-flex-justify-content-flex-start fusion-content-layout-column\"><div class=\"fusion-title title fusion-title-2 fusion-sep-none fusion-title-center fusion-title-text fusion-title-size-two\" style=\"--awb-margin-bottom:50px;--awb-margin-top-small:10px;--awb-margin-right-small:0px;--awb-margin-bottom-small:10px;--awb-margin-left-small:0px;--awb-font-size:var(--awb-typography2-font-size);\"><h2 class=\"fusion-title-heading title-heading-center\" style=\"font-family:var(--awb-typography2-font-family);font-weight:var(--awb-typography2-font-weight);font-style:var(--awb-typography2-font-style);margin:0;letter-spacing:var(--awb-typography2-letter-spacing);text-transform:var(--awb-typography2-text-transform);font-size:1em;line-height:var(--awb-typography2-line-height);\">Je me r\u00e9jouis de faire votre connaissance&nbsp;!<\/h2><\/div><div class=\"fusion-title title fusion-title-3 fusion-sep-none fusion-title-center fusion-title-text fusion-title-size-three\" style=\"--awb-margin-top-small:10px;--awb-margin-right-small:0px;--awb-margin-bottom-small:10px;--awb-margin-left-small:0px;--awb-font-size:22px;\"><h3 class=\"fusion-title-heading title-heading-center\" style=\"font-family:var(--awb-typography2-font-family);font-weight:var(--awb-typography2-font-weight);font-style:var(--awb-typography2-font-style);margin:0;letter-spacing:var(--awb-typography2-letter-spacing);text-transform:var(--awb-typography2-text-transform);font-size:1em;line-height:var(--awb-typography2-line-height);\">QUI \u00caTES-VOUS&nbsp;?<\/h3><\/div><div class=\"fusion-text fusion-text-2\"><p style=\"text-align: center;\">Vous souhaitez une rencontre r\u00e9ussie et je veux que vous soyez pleinement satisfait de notre service.<br \/>C&rsquo;est pourquoi je vous prie de bien vouloir vous pr\u00e9senter sinc\u00e8rement.<\/p>\n<p style=\"text-align: center;\">Commen\u00e7ons par votre nom, votre nationalit\u00e9, votre \u00e2ge et votre apparence physique.<br \/>Tout ce qui peut m&rsquo;aider \u00e0 mieux vous conna\u00eetre afin de s\u00e9lectionner le mod\u00e8le appropri\u00e9.<\/p>\n<\/div><div class=\"fusion-title title fusion-title-4 fusion-sep-none fusion-title-center fusion-title-text fusion-title-size-three\" style=\"--awb-margin-top:30px;--awb-margin-top-small:10px;--awb-margin-right-small:0px;--awb-margin-bottom-small:10px;--awb-margin-left-small:0px;--awb-font-size:22px;\"><h3 class=\"fusion-title-heading title-heading-center\" style=\"font-family:var(--awb-typography2-font-family);font-weight:var(--awb-typography2-font-weight);font-style:var(--awb-typography2-font-style);margin:0;letter-spacing:var(--awb-typography2-letter-spacing);text-transform:var(--awb-typography2-text-transform);font-size:1em;line-height:var(--awb-typography2-line-height);\">LE MOD\u00c8LE DE VOS R\u00caVES<\/h3><\/div><div class=\"fusion-text fusion-text-3\"><p style=\"text-align: center;\">Nous avons tous des pr\u00e9f\u00e9rences diff\u00e9rentes en mati\u00e8re d&rsquo;apparence, d&rsquo;\u00e9ducation, d&rsquo;ambition, mais quelles sont les v\u00f4tres&nbsp;?<br \/>Veuillez me dire ce qui fait d&rsquo;une femme votre GFE id\u00e9ale.<br \/>Quelle apparence physique admirez-vous et quelle personnalit\u00e9 pr\u00e9f\u00e9rez-vous&nbsp;?<br \/>Tout ce qui est important pour vous l&rsquo;est aussi pour moi.<\/p>\n<\/div><div class=\"fusion-title title fusion-title-5 fusion-sep-none fusion-title-center fusion-title-text fusion-title-size-three\" style=\"--awb-margin-top:30px;--awb-margin-top-small:10px;--awb-margin-right-small:0px;--awb-margin-bottom-small:10px;--awb-margin-left-small:0px;--awb-font-size:22px;\"><h3 class=\"fusion-title-heading title-heading-center\" style=\"font-family:var(--awb-typography2-font-family);font-weight:var(--awb-typography2-font-weight);font-style:var(--awb-typography2-font-style);margin:0;letter-spacing:var(--awb-typography2-letter-spacing);text-transform:var(--awb-typography2-text-transform);font-size:1em;line-height:var(--awb-typography2-line-height);\">CE QUI SE PASSE LORS DU RENDEZ-VOUS\u2026<\/h3><\/div><div class=\"fusion-text fusion-text-4\"><p style=\"text-align: center;\">est confidentiel. Bien entendu, vos souhaits personnels sont tr\u00e8s importants pour vous conseiller au mieux. <\/p>\n<p style=\"text-align: center;\">Quel type de service recherchez-vous&nbsp;? Je suis votre contact personnel et je suis sp\u00e9cialis\u00e9 dans les arrangements discrets.<br \/>Le d\u00e9roulement de la soir\u00e9e ne d\u00e9pend que de vous et de votre rendez-vous. <\/p>\n<\/div><div class=\"fusion-title title fusion-title-6 fusion-sep-none fusion-title-center fusion-title-text fusion-title-size-three\" style=\"--awb-margin-top:30px;--awb-margin-top-small:10px;--awb-margin-right-small:0px;--awb-margin-bottom-small:10px;--awb-margin-left-small:0px;--awb-font-size:22px;\"><h3 class=\"fusion-title-heading title-heading-center\" style=\"font-family:var(--awb-typography2-font-family);font-weight:var(--awb-typography2-font-weight);font-style:var(--awb-typography2-font-style);margin:0;letter-spacing:var(--awb-typography2-letter-spacing);text-transform:var(--awb-typography2-text-transform);font-size:1em;line-height:var(--awb-typography2-line-height);\">VOTRE R\u00c9SERVATION<\/h3><\/div><div class=\"fusion-text fusion-text-5\"><p style=\"text-align: center;\">Maintenant que je vous connais un peu mieux, ainsi que vos souhaits, la prochaine \u00e9tape consiste \u00e0 communiquer la date, le lieu, l\u2019heure et la dur\u00e9e.<\/p>\n<p style=\"text-align: center;\">Si vous me donnez un d\u00e9lai suffisant, je peux m\u2019assurer que votre mod\u00e8le Amorette pr\u00e9f\u00e9r\u00e9 a le temps de faire votre connaissance.<\/p>\n<\/div><div class=\"fusion-title title fusion-title-7 fusion-sep-none fusion-title-center fusion-title-text fusion-title-size-three\" style=\"--awb-margin-top:30px;--awb-margin-top-small:10px;--awb-margin-right-small:0px;--awb-margin-bottom-small:10px;--awb-margin-left-small:0px;--awb-font-size:22px;\"><h3 class=\"fusion-title-heading title-heading-center\" style=\"font-family:var(--awb-typography2-font-family);font-weight:var(--awb-typography2-font-weight);font-style:var(--awb-typography2-font-style);margin:0;letter-spacing:var(--awb-typography2-letter-spacing);text-transform:var(--awb-typography2-text-transform);font-size:1em;line-height:var(--awb-typography2-line-height);\">VOTRE ACOMPTE<\/h3><\/div><div class=\"fusion-text fusion-text-6\"><p style=\"text-align: center;\">Une fois tous les d\u00e9tails clarifi\u00e9s, vous pouvez confirmer votre rendez-vous par un acompte.<\/p>\n<p style=\"text-align: center;\">Vous pr\u00e9f\u00e9rez une facture B2B et souhaitez que je d\u00e9bite votre carte VISA ou MC&nbsp;? Pas de probl\u00e8me.<br \/>Notre mode de paiement pr\u00e9f\u00e9r\u00e9 est le virement bancaire sur notre compte d&rsquo;entreprise avant le rendez-vous, mais nous acceptons \u00e9galement les cartes de cr\u00e9dit.<br \/>Veuillez me faire savoir ce que vous pr\u00e9f\u00e9rez et je m&rsquo;en occuperai comme vous le souhaitez. <\/p>\n<\/div><div class=\"fusion-image-element \" style=\"text-align:center;--awb-margin-top:50px;--awb-margin-bottom:50px;--awb-max-width:130px;--awb-caption-title-font-family:var(--h2_typography-font-family);--awb-caption-title-font-weight:var(--h2_typography-font-weight);--awb-caption-title-font-style:var(--h2_typography-font-style);--awb-caption-title-size:var(--h2_typography-font-size);--awb-caption-title-transform:var(--h2_typography-text-transform);--awb-caption-title-line-height:var(--h2_typography-line-height);--awb-caption-title-letter-spacing:var(--h2_typography-letter-spacing);\"><span class=\" fusion-imageframe imageframe-none imageframe-2 hover-type-none\"><img decoding=\"async\" width=\"500\" height=\"500\" alt=\"amorette international\" title=\"amorette-black\" src=\"https:\/\/www.amorette-international.com\/wp-content\/uploads\/2024\/03\/amorette-black.png\" class=\"img-responsive wp-image-11646\" srcset=\"https:\/\/www.amorette-international.com\/wp-content\/uploads\/2024\/03\/amorette-black-200x200.png 200w, https:\/\/www.amorette-international.com\/wp-content\/uploads\/2024\/03\/amorette-black-400x400.png 400w, https:\/\/www.amorette-international.com\/wp-content\/uploads\/2024\/03\/amorette-black.png 500w\" sizes=\"(max-width: 640px) 100vw, 500px\" \/><\/span><\/div><div class=\"fusion-title title fusion-title-8 fusion-sep-none fusion-title-center fusion-title-text fusion-title-size-three\" style=\"--awb-margin-top:30px;--awb-margin-top-small:10px;--awb-margin-right-small:0px;--awb-margin-bottom-small:10px;--awb-margin-left-small:0px;--awb-font-size:var(--awb-typography2-font-size);\"><h3 class=\"fusion-title-heading title-heading-center\" style=\"font-family:var(--awb-typography2-font-family);font-weight:var(--awb-typography2-font-weight);font-style:var(--awb-typography2-font-style);margin:0;letter-spacing:var(--awb-typography2-letter-spacing);text-transform:var(--awb-typography2-text-transform);font-size:1em;line-height:var(--awb-typography2-line-height);\">Pr\u00eat pour votre r\u00e9servation&nbsp;?<\/h3><\/div><div class=\"fusion-text fusion-text-7\"><p style=\"text-align: center;\">Vous avez la possibilit\u00e9 d\u2019utiliser notre formulaire de r\u00e9servation, de nous envoyer un e-mail ou de nous contacter par t\u00e9l\u00e9phone. <strong>Nous n\u2019acceptons pas les r\u00e9servations de nouveaux clients par WhatsApp ou Telegram.<\/strong><\/p>\n<p style=\"text-align: center;\">Les rendez-vous excellents ne sont pas le fruit du hasard, mais n\u00e9cessitent une planification d\u00e9taill\u00e9e, une attention particuli\u00e8re aux d\u00e9tails et nos arrangements haut de gamme. Du matchmaking de la plus haute qualit\u00e9. <\/p>\n<p style=\"text-align: center;\">Cordialement,<\/p>\n<\/div><div class=\"fusion-image-element \" style=\"text-align:center;--awb-max-width:150px;--awb-caption-title-font-family:var(--h2_typography-font-family);--awb-caption-title-font-weight:var(--h2_typography-font-weight);--awb-caption-title-font-style:var(--h2_typography-font-style);--awb-caption-title-size:var(--h2_typography-font-size);--awb-caption-title-transform:var(--h2_typography-text-transform);--awb-caption-title-line-height:var(--h2_typography-line-height);--awb-caption-title-letter-spacing:var(--h2_typography-letter-spacing);\"><span class=\" fusion-imageframe imageframe-none imageframe-3 hover-type-none\"><img decoding=\"async\" width=\"469\" height=\"340\" title=\"Sophie\" src=\"https:\/\/www.amorette-international.com\/wp-content\/uploads\/2025\/03\/sophie.svg\" alt class=\"img-responsive wp-image-9411\"\/><\/span><\/div><\/div><\/div><\/div><\/div><\/p>\n","protected":false},"excerpt":{"rendered":"","protected":false},"author":1,"featured_media":0,"parent":0,"menu_order":0,"comment_status":"closed","ping_status":"closed","template":"100-width.php","meta":{"_acf_changed":false,"footnotes":""},"class_list":["post-6757","page","type-page","status-publish","hentry"],"acf":[],"yoast_head":"<!-- This site is optimized with the Yoast SEO Premium plugin v27.1 (Yoast SEO v27.5) - https:\/\/yoast.com\/product\/yoast-seo-premium-wordpress\/ -->\n<title>Escort: Amorette International<\/title>\n<meta name=\"description\" content=\"Vous souhaitez vivre vos fantasmes\u00a0? Amorette International met en relation des mod\u00e8les escort exclusifs pour une exp\u00e9rience de service d\u2019escorte unique.\" \/>\n<meta name=\"robots\" content=\"index, follow, max-snippet:-1, max-image-preview:large, max-video-preview:-1\" \/>\n<link rel=\"canonical\" href=\"https:\/\/www.amorette-international.com\/fr\/matchmaking\/\" \/>\n<meta property=\"og:locale\" content=\"fr_FR\" \/>\n<meta property=\"og:type\" content=\"article\" \/>\n<meta property=\"og:title\" content=\"Matchmaking\" \/>\n<meta property=\"og:description\" content=\"Vous souhaitez vivre vos fantasmes\u00a0? Amorette International met en relation des mod\u00e8les escort exclusifs pour une exp\u00e9rience de service d\u2019escorte unique.\" \/>\n<meta property=\"og:url\" content=\"https:\/\/www.amorette-international.com\/fr\/matchmaking\/\" \/>\n<meta property=\"og:site_name\" content=\"Amorette International\" \/>\n<meta property=\"article:modified_time\" content=\"2026-01-27T19:29:10+00:00\" \/>\n<meta name=\"twitter:card\" content=\"summary_large_image\" \/>\n<meta name=\"twitter:label1\" content=\"Dur\u00e9e de lecture estim\u00e9e\" \/>\n\t<meta name=\"twitter:data1\" content=\"18 minutes\" \/>\n<script type=\"application\/ld+json\" class=\"yoast-schema-graph\">{\"@context\":\"https:\\\/\\\/schema.org\",\"@graph\":[{\"@type\":\"WebPage\",\"@id\":\"https:\\\/\\\/www.amorette-international.com\\\/fr\\\/matchmaking\\\/\",\"url\":\"https:\\\/\\\/www.amorette-international.com\\\/fr\\\/matchmaking\\\/\",\"name\":\"Escort: Amorette International\",\"isPartOf\":{\"@id\":\"https:\\\/\\\/www.amorette-international.com\\\/fr\\\/#website\"},\"datePublished\":\"2024-04-07T11:24:49+00:00\",\"dateModified\":\"2026-01-27T19:29:10+00:00\",\"description\":\"Vous souhaitez vivre vos fantasmes\u00a0? Amorette International met en relation des mod\u00e8les escort exclusifs pour une exp\u00e9rience de service d\u2019escorte unique.\",\"breadcrumb\":{\"@id\":\"https:\\\/\\\/www.amorette-international.com\\\/fr\\\/matchmaking\\\/#breadcrumb\"},\"inLanguage\":\"fr-FR\",\"potentialAction\":[{\"@type\":\"ReadAction\",\"target\":[\"https:\\\/\\\/www.amorette-international.com\\\/fr\\\/matchmaking\\\/\"]}]},{\"@type\":\"BreadcrumbList\",\"@id\":\"https:\\\/\\\/www.amorette-international.com\\\/fr\\\/matchmaking\\\/#breadcrumb\",\"itemListElement\":[{\"@type\":\"ListItem\",\"position\":1,\"name\":\"Startseite\",\"item\":\"https:\\\/\\\/www.amorette-international.com\\\/fr\\\/accueil\\\/\"},{\"@type\":\"ListItem\",\"position\":2,\"name\":\"Matchmaking\"}]},{\"@type\":\"WebSite\",\"@id\":\"https:\\\/\\\/www.amorette-international.com\\\/fr\\\/#website\",\"url\":\"https:\\\/\\\/www.amorette-international.com\\\/fr\\\/\",\"name\":\"Amorette International\",\"description\":\"My WordPress Blog\",\"publisher\":{\"@id\":\"https:\\\/\\\/www.amorette-international.com\\\/fr\\\/#organization\"},\"potentialAction\":[{\"@type\":\"SearchAction\",\"target\":{\"@type\":\"EntryPoint\",\"urlTemplate\":\"https:\\\/\\\/www.amorette-international.com\\\/fr\\\/?s={search_term_string}\"},\"query-input\":{\"@type\":\"PropertyValueSpecification\",\"valueRequired\":true,\"valueName\":\"search_term_string\"}}],\"inLanguage\":\"fr-FR\"},{\"@type\":\"Organization\",\"@id\":\"https:\\\/\\\/www.amorette-international.com\\\/fr\\\/#organization\",\"name\":\"Amorette International\",\"url\":\"https:\\\/\\\/www.amorette-international.com\\\/fr\\\/\",\"logo\":{\"@type\":\"ImageObject\",\"inLanguage\":\"fr-FR\",\"@id\":\"https:\\\/\\\/www.amorette-international.com\\\/fr\\\/#\\\/schema\\\/logo\\\/image\\\/\",\"url\":\"https:\\\/\\\/www.amorette-international.com\\\/wp-content\\\/uploads\\\/2024\\\/03\\\/amorette-logo.svg\",\"contentUrl\":\"https:\\\/\\\/www.amorette-international.com\\\/wp-content\\\/uploads\\\/2024\\\/03\\\/amorette-logo.svg\",\"width\":419,\"height\":65,\"caption\":\"Amorette International\"},\"image\":{\"@id\":\"https:\\\/\\\/www.amorette-international.com\\\/fr\\\/#\\\/schema\\\/logo\\\/image\\\/\"}}]}<\/script>\n<!-- \/ Yoast SEO Premium plugin. -->","yoast_head_json":{"title":"Escort: Amorette International","description":"Vous souhaitez vivre vos fantasmes\u00a0? Amorette International met en relation des mod\u00e8les escort exclusifs pour une exp\u00e9rience de service d\u2019escorte unique.","robots":{"index":"index","follow":"follow","max-snippet":"max-snippet:-1","max-image-preview":"max-image-preview:large","max-video-preview":"max-video-preview:-1"},"canonical":"https:\/\/www.amorette-international.com\/fr\/matchmaking\/","og_locale":"fr_FR","og_type":"article","og_title":"Matchmaking","og_description":"Vous souhaitez vivre vos fantasmes\u00a0? Amorette International met en relation des mod\u00e8les escort exclusifs pour une exp\u00e9rience de service d\u2019escorte unique.","og_url":"https:\/\/www.amorette-international.com\/fr\/matchmaking\/","og_site_name":"Amorette International","article_modified_time":"2026-01-27T19:29:10+00:00","twitter_card":"summary_large_image","twitter_misc":{"Dur\u00e9e de lecture estim\u00e9e":"18 minutes"},"schema":{"@context":"https:\/\/schema.org","@graph":[{"@type":"WebPage","@id":"https:\/\/www.amorette-international.com\/fr\/matchmaking\/","url":"https:\/\/www.amorette-international.com\/fr\/matchmaking\/","name":"Escort: Amorette International","isPartOf":{"@id":"https:\/\/www.amorette-international.com\/fr\/#website"},"datePublished":"2024-04-07T11:24:49+00:00","dateModified":"2026-01-27T19:29:10+00:00","description":"Vous souhaitez vivre vos fantasmes\u00a0? Amorette International met en relation des mod\u00e8les escort exclusifs pour une exp\u00e9rience de service d\u2019escorte unique.","breadcrumb":{"@id":"https:\/\/www.amorette-international.com\/fr\/matchmaking\/#breadcrumb"},"inLanguage":"fr-FR","potentialAction":[{"@type":"ReadAction","target":["https:\/\/www.amorette-international.com\/fr\/matchmaking\/"]}]},{"@type":"BreadcrumbList","@id":"https:\/\/www.amorette-international.com\/fr\/matchmaking\/#breadcrumb","itemListElement":[{"@type":"ListItem","position":1,"name":"Startseite","item":"https:\/\/www.amorette-international.com\/fr\/accueil\/"},{"@type":"ListItem","position":2,"name":"Matchmaking"}]},{"@type":"WebSite","@id":"https:\/\/www.amorette-international.com\/fr\/#website","url":"https:\/\/www.amorette-international.com\/fr\/","name":"Amorette International","description":"My WordPress Blog","publisher":{"@id":"https:\/\/www.amorette-international.com\/fr\/#organization"},"potentialAction":[{"@type":"SearchAction","target":{"@type":"EntryPoint","urlTemplate":"https:\/\/www.amorette-international.com\/fr\/?s={search_term_string}"},"query-input":{"@type":"PropertyValueSpecification","valueRequired":true,"valueName":"search_term_string"}}],"inLanguage":"fr-FR"},{"@type":"Organization","@id":"https:\/\/www.amorette-international.com\/fr\/#organization","name":"Amorette International","url":"https:\/\/www.amorette-international.com\/fr\/","logo":{"@type":"ImageObject","inLanguage":"fr-FR","@id":"https:\/\/www.amorette-international.com\/fr\/#\/schema\/logo\/image\/","url":"https:\/\/www.amorette-international.com\/wp-content\/uploads\/2024\/03\/amorette-logo.svg","contentUrl":"https:\/\/www.amorette-international.com\/wp-content\/uploads\/2024\/03\/amorette-logo.svg","width":419,"height":65,"caption":"Amorette International"},"image":{"@id":"https:\/\/www.amorette-international.com\/fr\/#\/schema\/logo\/image\/"}}]}},"_links":{"self":[{"href":"https:\/\/www.amorette-international.com\/fr\/wp-json\/wp\/v2\/pages\/6757","targetHints":{"allow":["GET"]}}],"collection":[{"href":"https:\/\/www.amorette-international.com\/fr\/wp-json\/wp\/v2\/pages"}],"about":[{"href":"https:\/\/www.amorette-international.com\/fr\/wp-json\/wp\/v2\/types\/page"}],"author":[{"embeddable":true,"href":"https:\/\/www.amorette-international.com\/fr\/wp-json\/wp\/v2\/users\/1"}],"replies":[{"embeddable":true,"href":"https:\/\/www.amorette-international.com\/fr\/wp-json\/wp\/v2\/comments?post=6757"}],"version-history":[{"count":6,"href":"https:\/\/www.amorette-international.com\/fr\/wp-json\/wp\/v2\/pages\/6757\/revisions"}],"predecessor-version":[{"id":11658,"href":"https:\/\/www.amorette-international.com\/fr\/wp-json\/wp\/v2\/pages\/6757\/revisions\/11658"}],"wp:attachment":[{"href":"https:\/\/www.amorette-international.com\/fr\/wp-json\/wp\/v2\/media?parent=6757"}],"curies":[{"name":"wp","href":"https:\/\/api.w.org\/{rel}","templated":true}]}}