{"id":5646,"date":"2024-03-25T21:50:34","date_gmt":"2024-03-25T21:50:34","guid":{"rendered":"https:\/\/www.amorette-international.com\/agc\/"},"modified":"2025-07-12T16:25:33","modified_gmt":"2025-07-12T16:25:33","slug":"agc","status":"publish","type":"page","link":"https:\/\/www.amorette-international.com\/es\/agc\/","title":{"rendered":"AGC"},"content":{"rendered":"<p><div class=\"fusion-fullwidth fullwidth-box fusion-builder-row-1 fusion-flex-container has-pattern-background has-mask-background fusion-parallax-none nonhundred-percent-fullwidth non-hundred-percent-height-scrolling\" style=\"--awb-background-position-medium:right top;--awb-background-blend-mode:multiply;--awb-border-radius-top-left:0px;--awb-border-radius-top-right:0px;--awb-border-radius-bottom-right:0px;--awb-border-radius-bottom-left:0px;--awb-min-height:calc(100vh - 200px);--awb-min-height-medium:600px;--awb-min-height-small:450px;--awb-background-color:rgba(0,0,0,0.53);--awb-background-image:url(&quot;https:\/\/www.amorette-international.com\/wp-content\/uploads\/2024\/07\/member-club.jpg&quot;);--awb-background-size:cover;--awb-flex-wrap:wrap;\" ><div class=\"fusion-builder-row fusion-row fusion-flex-align-items-center fusion-flex-content-wrap\" style=\"max-width:1248px;margin-left: calc(-4% \/ 2 );margin-right: calc(-4% \/ 2 );\"><div class=\"fusion-layout-column fusion_builder_column fusion-builder-column-0 fusion_builder_column_1_1 1_1 fusion-flex-column\" style=\"--awb-bg-size:cover;--awb-width-large:100%;--awb-margin-top-large:0px;--awb-spacing-right-large:1.92%;--awb-margin-bottom-large:20px;--awb-spacing-left-large:1.92%;--awb-width-medium:100%;--awb-order-medium:0;--awb-spacing-right-medium:1.92%;--awb-spacing-left-medium:1.92%;--awb-width-small:100%;--awb-order-small:0;--awb-spacing-right-small:1.92%;--awb-spacing-left-small:1.92%;\"><div class=\"fusion-column-wrapper fusion-column-has-shadow fusion-flex-justify-content-flex-start fusion-content-layout-column\"><div class=\"fusion-title title fusion-title-1 fusion-no-small-visibility fusion-sep-none fusion-title-center fusion-title-text fusion-title-size-div\" style=\"--awb-text-color:var(--awb-color1);--awb-margin-bottom:0px;--awb-margin-top-small:10px;--awb-margin-right-small:0px;--awb-margin-bottom-small:10px;--awb-margin-left-small:0px;--awb-text-stroke-size:0px;--awb-font-size:80px;\"><div class=\"fusion-title-heading title-heading-center title-heading-tag\" style=\"font-family:&quot;Lato&quot;;font-style:normal;font-weight:100;margin:0;letter-spacing:-0.015em;text-transform:uppercase;font-size:1em;line-height:var(--awb-typography1-line-height);\">Invitaci\u00f3n VIP<\/div><\/div><div class=\"fusion-title title fusion-title-2 fusion-no-medium-visibility fusion-no-large-visibility fusion-sep-none fusion-title-center fusion-title-text fusion-title-size-div\" style=\"--awb-text-color:var(--awb-color1);--awb-margin-bottom:0px;--awb-margin-top-small:10px;--awb-margin-right-small:0px;--awb-margin-bottom-small:10px;--awb-margin-left-small:0px;--awb-text-stroke-size:0px;--awb-font-size:70px;\"><div class=\"fusion-title-heading title-heading-center title-heading-tag\" style=\"font-family:&quot;Lato&quot;;font-style:normal;font-weight:100;margin:0;letter-spacing:-0.015em;text-transform:uppercase;font-size:1em;line-height:var(--awb-typography1-line-height);\">Invitaci\u00f3n VIP<\/div><\/div><div class=\"fusion-title title fusion-title-3 fusion-sep-none fusion-title-center fusion-title-text fusion-title-size-div\" style=\"--awb-text-color:var(--awb-color4);--awb-margin-top-small:10px;--awb-margin-right-small:0px;--awb-margin-bottom-small:10px;--awb-margin-left-small:0px;--awb-font-size:22px;\"><div class=\"fusion-title-heading title-heading-center title-heading-tag\" style=\"font-family:var(--awb-typography2-font-family);font-weight:var(--awb-typography2-font-weight);font-style:var(--awb-typography2-font-style);margin:0;letter-spacing:4px;text-transform:var(--awb-typography2-text-transform);font-size:1em;line-height:var(--awb-typography2-line-height);\">\u00a1Solo para miembros!<\/div><\/div><div style=\"text-align:center;\"><a class=\"fusion-button button-flat fusion-button-default-size button-custom fusion-button-default button-1 fusion-button-default-span fusion-button-default-type\" style=\"--button_accent_color:var(--awb-color4);--button_border_color:var(--awb-color4);--button_accent_hover_color:var(--awb-color1);--button_border_hover_color:var(--awb-color1);--button_border_width-top:1px;--button_border_width-right:1px;--button_border_width-bottom:1px;--button_border_width-left:1px;--button_gradient_top_color:rgba(255,255,255,0);--button_gradient_bottom_color:rgba(255,255,255,0);--button_gradient_top_color_hover:hsla(var(--awb-color5-h),calc(var(--awb-color5-s) - 5%),calc(var(--awb-color5-l) - 10%),var(--awb-color5-a));--button_gradient_bottom_color_hover:hsla(var(--awb-color5-h),calc(var(--awb-color5-s) - 5%),calc(var(--awb-color5-l) - 10%),var(--awb-color5-a));--button_margin-top:30px;\" target=\"_blank\" rel=\"noopener noreferrer\" href=\"https:\/\/agc-premium.com\/\"><span class=\"fusion-button-text awb-button__text awb-button__text--default\">Iniciar sesi\u00f3n<\/span><\/a><\/div><\/div><\/div><\/div><\/div><div class=\"fusion-fullwidth fullwidth-box fusion-builder-row-2 fusion-flex-container has-pattern-background has-mask-background nonhundred-percent-fullwidth non-hundred-percent-height-scrolling\" style=\"--awb-border-radius-top-left:0px;--awb-border-radius-top-right:0px;--awb-border-radius-bottom-right:0px;--awb-border-radius-bottom-left:0px;--awb-padding-top:100px;--awb-background-color:var(--awb-color8);--awb-flex-wrap:wrap;\" ><div class=\"fusion-builder-row fusion-row fusion-flex-align-items-flex-start fusion-flex-content-wrap\" style=\"max-width:1248px;margin-left: calc(-4% \/ 2 );margin-right: calc(-4% \/ 2 );\"><div class=\"fusion-layout-column fusion_builder_column fusion-builder-column-1 fusion_builder_column_1_1 1_1 fusion-flex-column\" style=\"--awb-bg-size:cover;--awb-width-large:100%;--awb-margin-top-large:0px;--awb-spacing-right-large:1.92%;--awb-margin-bottom-large:20px;--awb-spacing-left-large:1.92%;--awb-width-medium:100%;--awb-order-medium:0;--awb-spacing-right-medium:1.92%;--awb-spacing-left-medium:1.92%;--awb-width-small:100%;--awb-order-small:0;--awb-spacing-right-small:1.92%;--awb-spacing-left-small:1.92%;\"><div class=\"fusion-column-wrapper fusion-column-has-shadow fusion-flex-justify-content-flex-start fusion-content-layout-column\"><div class=\"fusion-title title fusion-title-4 fusion-sep-none fusion-title-center fusion-title-text fusion-title-size-one\" style=\"--awb-text-color:var(--awb-color1);--awb-margin-top-small:10px;--awb-margin-right-small:0px;--awb-margin-bottom-small:10px;--awb-margin-left-small:0px;\"><h1 class=\"fusion-title-heading title-heading-center\" style=\"margin:0;\"><p>Bienvenido al AGC<\/p>\n<p>Conectamos a \u201cla flor y nata\u201d en el negocio del placer.<\/p><\/h1><\/div><div class=\"fusion-image-element \" style=\"text-align:center;--awb-margin-top:8%;--awb-margin-bottom:5%;--awb-max-width:700px;--awb-caption-title-font-family:var(--h2_typography-font-family);--awb-caption-title-font-weight:var(--h2_typography-font-weight);--awb-caption-title-font-style:var(--h2_typography-font-style);--awb-caption-title-size:var(--h2_typography-font-size);--awb-caption-title-transform:var(--h2_typography-text-transform);--awb-caption-title-line-height:var(--h2_typography-line-height);--awb-caption-title-letter-spacing:var(--h2_typography-letter-spacing);\"><span class=\" fusion-imageframe imageframe-none imageframe-1 hover-type-none\"><img decoding=\"async\" width=\"900\" height=\"600\" alt=\"amorette international - two young and beautiful girls with blonde hair making selfies with the mobilephone\" title=\"escorts\" src=\"https:\/\/www.amorette-international.com\/wp-content\/uploads\/2024\/03\/escorts.jpeg\" class=\"img-responsive wp-image-182\" srcset=\"https:\/\/www.amorette-international.com\/wp-content\/uploads\/2024\/03\/escorts-200x133.jpeg 200w, https:\/\/www.amorette-international.com\/wp-content\/uploads\/2024\/03\/escorts-400x267.jpeg 400w, https:\/\/www.amorette-international.com\/wp-content\/uploads\/2024\/03\/escorts-600x400.jpeg 600w, https:\/\/www.amorette-international.com\/wp-content\/uploads\/2024\/03\/escorts-800x533.jpeg 800w, https:\/\/www.amorette-international.com\/wp-content\/uploads\/2024\/03\/escorts.jpeg 900w\" sizes=\"(max-width: 640px) 100vw, 900px\" \/><\/span><\/div><div class=\"fusion-title title fusion-title-5 fusion-sep-none fusion-title-center fusion-title-text fusion-title-size-two\" style=\"--awb-text-color:var(--awb-color1);--awb-margin-bottom:30px;--awb-margin-top-small:10px;--awb-margin-right-small:0px;--awb-margin-bottom-small:10px;--awb-margin-left-small:0px;--awb-font-size:var(--awb-typography2-font-size);\"><h2 class=\"fusion-title-heading title-heading-center\" style=\"font-family:var(--awb-typography2-font-family);font-weight:var(--awb-typography2-font-weight);font-style:var(--awb-typography2-font-style);margin:0;letter-spacing:var(--awb-typography2-letter-spacing);text-transform:var(--awb-typography2-text-transform);font-size:1em;line-height:var(--awb-typography2-line-height);\">Damas de compa\u00f1\u00eda de \u00e9lite y Topmodels<\/h2><\/div><div class=\"fusion-text fusion-text-1\"><p style=\"text-align: center;\">El AGC es nuestra sala VIP dentro de nuestro mundo de aventuras Amorette. Para ser invitado a nuestro exclusivo c\u00edrculo de hedonistas y personalidades de alto nivel, se requiere la transferencia de 3.000 EUROS a nuestra cuenta de agencia para legitimarse y demostrar que su inter\u00e9s es serio. <\/p>\n<p style=\"text-align: center;\">A partir de aqu\u00ed, nos centraremos en su bienestar personal y sus intereses. \u00bfTiene preguntas o su libro de juegos privado listo? Puedo asegurarle que se sentir\u00e1 100% real. Si no puede notar la diferencia entre una novia y una Girlfriendexperience de Amorette, he encontrado la acompa\u00f1ante perfecta para usted. Algunas de nuestras damas m\u00e1s famosas solo est\u00e1n disponibles para miembros de AGC.    <\/p>\n<p style=\"text-align: center;\">Le mimar\u00e9 con v\u00eddeos, mucho material fotogr\u00e1fico y a\u00fan m\u00e1s eventos emocionantes de lo m\u00e1s diverso.<\/p>\n<\/div><div style=\"text-align:center;\"><a class=\"fusion-button button-flat fusion-button-default-size button-custom fusion-button-default button-2 fusion-button-default-span fusion-button-default-type\" style=\"--button_accent_color:var(--awb-color1);--button_accent_hover_color:var(--awb-color1);--button_border_hover_color:var(--awb-color1);--button_gradient_top_color:var(--awb-color5);--button_gradient_bottom_color:var(--awb-color5);--button_gradient_top_color_hover:hsla(var(--awb-color5-h),calc(var(--awb-color5-s) - 5%),calc(var(--awb-color5-l) - 10%),var(--awb-color5-a));--button_gradient_bottom_color_hover:hsla(var(--awb-color5-h),calc(var(--awb-color5-s) - 5%),calc(var(--awb-color5-l) - 10%),var(--awb-color5-a));--button_margin-top:30px;\" target=\"_self\" href=\"https:\/\/agc-premium.com\/\"><span class=\"fusion-button-text awb-button__text awb-button__text--default\">\u00a1Su aventura comienza aqu\u00ed!<\/span><\/a><\/div><\/div><\/div><\/div><\/div><\/p>\n","protected":false},"excerpt":{"rendered":"","protected":false},"author":1,"featured_media":0,"parent":0,"menu_order":0,"comment_status":"closed","ping_status":"closed","template":"100-width.php","meta":{"_acf_changed":false,"footnotes":""},"class_list":["post-5646","page","type-page","status-publish","hentry"],"acf":[],"yoast_head":"<!-- This site is optimized with the Yoast SEO Premium plugin v27.1 (Yoast SEO v27.3) - https:\/\/yoast.com\/product\/yoast-seo-premium-wordpress\/ -->\n<title>Escort Gentlemens Club | Amorette International Escort Service<\/title>\n<meta name=\"description\" content=\"Gentlemens Club en Amorette International Escort Service. Ofrecemos \u272emodelos internacionales \u272eservicio exclusivo \u272egarantizamos discreci\u00f3n\" \/>\n<meta name=\"robots\" content=\"index, follow, max-snippet:-1, max-image-preview:large, max-video-preview:-1\" \/>\n<link rel=\"canonical\" href=\"https:\/\/www.amorette-international.com\/es\/agc\/\" \/>\n<meta property=\"og:locale\" content=\"es_ES\" \/>\n<meta property=\"og:type\" content=\"article\" \/>\n<meta property=\"og:title\" content=\"AGC\" \/>\n<meta property=\"og:description\" content=\"Gentlemens Club en Amorette International Escort Service. Ofrecemos \u272emodelos internacionales \u272eservicio exclusivo \u272egarantizamos discreci\u00f3n\" \/>\n<meta property=\"og:url\" content=\"https:\/\/www.amorette-international.com\/es\/agc\/\" \/>\n<meta property=\"og:site_name\" content=\"Amorette International\" \/>\n<meta property=\"article:modified_time\" content=\"2025-07-12T16:25:33+00:00\" \/>\n<meta name=\"twitter:card\" content=\"summary_large_image\" \/>\n<meta name=\"twitter:label1\" content=\"Tiempo de lectura\" \/>\n\t<meta name=\"twitter:data1\" content=\"11 minutos\" \/>\n<script type=\"application\/ld+json\" class=\"yoast-schema-graph\">{\"@context\":\"https:\\\/\\\/schema.org\",\"@graph\":[{\"@type\":\"WebPage\",\"@id\":\"https:\\\/\\\/www.amorette-international.com\\\/es\\\/agc\\\/\",\"url\":\"https:\\\/\\\/www.amorette-international.com\\\/es\\\/agc\\\/\",\"name\":\"Escort Gentlemens Club | Amorette International Escort Service\",\"isPartOf\":{\"@id\":\"https:\\\/\\\/www.amorette-international.com\\\/es\\\/#website\"},\"datePublished\":\"2024-03-25T21:50:34+00:00\",\"dateModified\":\"2025-07-12T16:25:33+00:00\",\"description\":\"Gentlemens Club en Amorette International Escort Service. Ofrecemos \u272emodelos internacionales \u272eservicio exclusivo \u272egarantizamos discreci\u00f3n\",\"breadcrumb\":{\"@id\":\"https:\\\/\\\/www.amorette-international.com\\\/es\\\/agc\\\/#breadcrumb\"},\"inLanguage\":\"es\",\"potentialAction\":[{\"@type\":\"ReadAction\",\"target\":[\"https:\\\/\\\/www.amorette-international.com\\\/es\\\/agc\\\/\"]}]},{\"@type\":\"BreadcrumbList\",\"@id\":\"https:\\\/\\\/www.amorette-international.com\\\/es\\\/agc\\\/#breadcrumb\",\"itemListElement\":[{\"@type\":\"ListItem\",\"position\":1,\"name\":\"Startseite\",\"item\":\"https:\\\/\\\/www.amorette-international.com\\\/es\\\/inicio\\\/\"},{\"@type\":\"ListItem\",\"position\":2,\"name\":\"AGC\"}]},{\"@type\":\"WebSite\",\"@id\":\"https:\\\/\\\/www.amorette-international.com\\\/es\\\/#website\",\"url\":\"https:\\\/\\\/www.amorette-international.com\\\/es\\\/\",\"name\":\"Amorette International\",\"description\":\"My WordPress Blog\",\"publisher\":{\"@id\":\"https:\\\/\\\/www.amorette-international.com\\\/es\\\/#organization\"},\"potentialAction\":[{\"@type\":\"SearchAction\",\"target\":{\"@type\":\"EntryPoint\",\"urlTemplate\":\"https:\\\/\\\/www.amorette-international.com\\\/es\\\/?s={search_term_string}\"},\"query-input\":{\"@type\":\"PropertyValueSpecification\",\"valueRequired\":true,\"valueName\":\"search_term_string\"}}],\"inLanguage\":\"es\"},{\"@type\":\"Organization\",\"@id\":\"https:\\\/\\\/www.amorette-international.com\\\/es\\\/#organization\",\"name\":\"Amorette International\",\"url\":\"https:\\\/\\\/www.amorette-international.com\\\/es\\\/\",\"logo\":{\"@type\":\"ImageObject\",\"inLanguage\":\"es\",\"@id\":\"https:\\\/\\\/www.amorette-international.com\\\/es\\\/#\\\/schema\\\/logo\\\/image\\\/\",\"url\":\"https:\\\/\\\/www.amorette-international.com\\\/wp-content\\\/uploads\\\/2024\\\/03\\\/amorette-logo.svg\",\"contentUrl\":\"https:\\\/\\\/www.amorette-international.com\\\/wp-content\\\/uploads\\\/2024\\\/03\\\/amorette-logo.svg\",\"width\":419,\"height\":65,\"caption\":\"Amorette International\"},\"image\":{\"@id\":\"https:\\\/\\\/www.amorette-international.com\\\/es\\\/#\\\/schema\\\/logo\\\/image\\\/\"}}]}<\/script>\n<!-- \/ Yoast SEO Premium plugin. -->","yoast_head_json":{"title":"Escort Gentlemens Club | Amorette International Escort Service","description":"Gentlemens Club en Amorette International Escort Service. Ofrecemos \u272emodelos internacionales \u272eservicio exclusivo \u272egarantizamos discreci\u00f3n","robots":{"index":"index","follow":"follow","max-snippet":"max-snippet:-1","max-image-preview":"max-image-preview:large","max-video-preview":"max-video-preview:-1"},"canonical":"https:\/\/www.amorette-international.com\/es\/agc\/","og_locale":"es_ES","og_type":"article","og_title":"AGC","og_description":"Gentlemens Club en Amorette International Escort Service. Ofrecemos \u272emodelos internacionales \u272eservicio exclusivo \u272egarantizamos discreci\u00f3n","og_url":"https:\/\/www.amorette-international.com\/es\/agc\/","og_site_name":"Amorette International","article_modified_time":"2025-07-12T16:25:33+00:00","twitter_card":"summary_large_image","twitter_misc":{"Tiempo de lectura":"11 minutos"},"schema":{"@context":"https:\/\/schema.org","@graph":[{"@type":"WebPage","@id":"https:\/\/www.amorette-international.com\/es\/agc\/","url":"https:\/\/www.amorette-international.com\/es\/agc\/","name":"Escort Gentlemens Club | Amorette International Escort Service","isPartOf":{"@id":"https:\/\/www.amorette-international.com\/es\/#website"},"datePublished":"2024-03-25T21:50:34+00:00","dateModified":"2025-07-12T16:25:33+00:00","description":"Gentlemens Club en Amorette International Escort Service. Ofrecemos \u272emodelos internacionales \u272eservicio exclusivo \u272egarantizamos discreci\u00f3n","breadcrumb":{"@id":"https:\/\/www.amorette-international.com\/es\/agc\/#breadcrumb"},"inLanguage":"es","potentialAction":[{"@type":"ReadAction","target":["https:\/\/www.amorette-international.com\/es\/agc\/"]}]},{"@type":"BreadcrumbList","@id":"https:\/\/www.amorette-international.com\/es\/agc\/#breadcrumb","itemListElement":[{"@type":"ListItem","position":1,"name":"Startseite","item":"https:\/\/www.amorette-international.com\/es\/inicio\/"},{"@type":"ListItem","position":2,"name":"AGC"}]},{"@type":"WebSite","@id":"https:\/\/www.amorette-international.com\/es\/#website","url":"https:\/\/www.amorette-international.com\/es\/","name":"Amorette International","description":"My WordPress Blog","publisher":{"@id":"https:\/\/www.amorette-international.com\/es\/#organization"},"potentialAction":[{"@type":"SearchAction","target":{"@type":"EntryPoint","urlTemplate":"https:\/\/www.amorette-international.com\/es\/?s={search_term_string}"},"query-input":{"@type":"PropertyValueSpecification","valueRequired":true,"valueName":"search_term_string"}}],"inLanguage":"es"},{"@type":"Organization","@id":"https:\/\/www.amorette-international.com\/es\/#organization","name":"Amorette International","url":"https:\/\/www.amorette-international.com\/es\/","logo":{"@type":"ImageObject","inLanguage":"es","@id":"https:\/\/www.amorette-international.com\/es\/#\/schema\/logo\/image\/","url":"https:\/\/www.amorette-international.com\/wp-content\/uploads\/2024\/03\/amorette-logo.svg","contentUrl":"https:\/\/www.amorette-international.com\/wp-content\/uploads\/2024\/03\/amorette-logo.svg","width":419,"height":65,"caption":"Amorette International"},"image":{"@id":"https:\/\/www.amorette-international.com\/es\/#\/schema\/logo\/image\/"}}]}},"_links":{"self":[{"href":"https:\/\/www.amorette-international.com\/es\/wp-json\/wp\/v2\/pages\/5646","targetHints":{"allow":["GET"]}}],"collection":[{"href":"https:\/\/www.amorette-international.com\/es\/wp-json\/wp\/v2\/pages"}],"about":[{"href":"https:\/\/www.amorette-international.com\/es\/wp-json\/wp\/v2\/types\/page"}],"author":[{"embeddable":true,"href":"https:\/\/www.amorette-international.com\/es\/wp-json\/wp\/v2\/users\/1"}],"replies":[{"embeddable":true,"href":"https:\/\/www.amorette-international.com\/es\/wp-json\/wp\/v2\/comments?post=5646"}],"version-history":[{"count":2,"href":"https:\/\/www.amorette-international.com\/es\/wp-json\/wp\/v2\/pages\/5646\/revisions"}],"predecessor-version":[{"id":5648,"href":"https:\/\/www.amorette-international.com\/es\/wp-json\/wp\/v2\/pages\/5646\/revisions\/5648"}],"wp:attachment":[{"href":"https:\/\/www.amorette-international.com\/es\/wp-json\/wp\/v2\/media?parent=5646"}],"curies":[{"name":"wp","href":"https:\/\/api.w.org\/{rel}","templated":true}]}}